{"id":244,"date":"2024-11-08T15:54:11","date_gmt":"2024-11-08T14:54:11","guid":{"rendered":"https:\/\/nortechmoto.it\/?page_id=244"},"modified":"2024-11-08T16:47:00","modified_gmt":"2024-11-08T15:47:00","slug":"privacy-policy","status":"publish","type":"page","link":"https:\/\/nortechmoto.it\/?page_id=244","title":{"rendered":"PRIVACY POLICY"},"content":{"rendered":"\n<p>                            <\/p>\n\n\n\n<p class=\"has-large-font-size\"><\/p>\n\n\n\n<p><\/p>\n\n\n\n<p class=\"has-text-align-center\">    <\/p>\n\n\n\n<p class=\"has-text-align-center\"><strong>PRIVACY POLICY<\/strong><\/p>\n\n\n\n<p><strong>NORTECH s.a.s. di G. Martino &amp; C.<\/strong>\u00a0con sede in Via Pasquale Paoli, 4\/A \u2013 20143 Milano, P.IVA 07621870968 (\u201c<strong>Titolare\u201d<\/strong>\u00a0o\u00a0\u201c<strong>Societ\u00e0\u201d<\/strong>), in ottemperanza all\u2019art. 13 REG. UE, e in relazione ai Suoi dati personali (\u201c<strong>Dati Personali\u201d<\/strong>) comunica quanto segue.<\/p>\n\n\n\n<p>La presente dichiarazione sul trattamento dei dati vale per tutti i servizi e prestazioni offerte ai nostri clienti. Ci\u00f2 vale indipendentemente dalla piattaforma nella quale offriamo il servizio: sito web, e-mail, al telefono e ogni altra forma di comunicazione o trasmissione.<\/p>\n\n\n\n<p>Il Sito Web https:\/\/www.nortechmoto.it\/\/&nbsp;&nbsp;di propriet\u00e0 di&nbsp;<strong>NORTECH<\/strong>&nbsp;(\u201c<strong>Sito\u201d<\/strong>) e i servizi eventualmente offerti tramite il Sito Web sono riservati a soggetti che hanno compiuto il diciottesimo anno di et\u00e0. Il Titolare non tratta dati personali relativi ai soggetti minori di anni 18. Su richiesta di tali Interessati, il Titolare ne canceller\u00e0 tempestivamente tutti i dati personali involontariamente raccolti.<\/p>\n\n\n\n<p><strong><em>1 \u2013 Titolare del trattamento; Responsabile della Protezione dei dati personali e Responsabili del Trattamento<\/em><\/strong><\/p>\n\n\n\n<ol start=\"1\" class=\"wp-block-list\">\n<li>\n<ol start=\"1\" class=\"wp-block-list\">\n<li>Titolare del trattamento (\u201c<strong>Titolare\u201d<\/strong>) \u00e8 la Societ\u00e0.<\/li>\n<\/ol>\n<\/li>\n<\/ol>\n\n\n\n<p><strong>1.2<\/strong>&nbsp;Il Titolare non ha nominato il Responsabile della protezione dei dati.<\/p>\n\n\n\n<p><strong>1.3<\/strong>&nbsp;Sono state nominate Responsabili del trattamento le Societ\u00e0 che forniscono specifici servizi elaborativi o prestano attivit\u00e0 connesse, strumentali o di supporto o che svolgono attivit\u00e0 di controllo nei confronti del Titolare e come richiesto dalla normativa vigente garantiscono adeguate misure tecniche e organizzative tali che il trattamento soddisfi i requisiti del Regolamento e garantisca la tutela dei diritti dell\u2019interessato.<\/p>\n\n\n\n<p><strong><em>2- Dati personali oggetto di trattamento e fonte dei dati<\/em><\/strong><\/p>\n\n\n\n<p><strong>2.1<\/strong>&nbsp;Il Titolare tratta le seguenti categorie di Dati Personali:<\/p>\n\n\n\n<ul class=\"wp-block-list\">\n<li><strong>Dati Anagrafici<\/strong>. I Dati Personali raccolti dal Titolare sono quelli forniti volontariamente dall\u2019Interessato, in particolare, a titolo esemplificativo: nome, cognome, e-mail, numero di telefono, data di nascita.<\/li>\n\n\n\n<li><strong>Dati di fatturazione<\/strong>: partita IVA, ragione sociale, indirizzo di fatturazione, nazione, provincia, CAP, citt\u00e0.<\/li>\n\n\n\n<li><strong>Dati di Navigazione<\/strong>: Cookie, dati di utilizzo.<\/li>\n<\/ul>\n\n\n\n<p><strong><em>3-&nbsp;&nbsp;Finalit\u00e0 e base giuridica del trattamento dei Dati Personali<\/em><\/strong><\/p>\n\n\n\n<p><strong>3.1<\/strong>&nbsp;Il trattamento \u00e8 primariamente finalizzato alla gestione della fase precontrattuale ed alla corretta e completa esecuzione del rapporto contrattuale con la Societ\u00e0, in relazione alle esigenze ed ai conseguenti adempimenti degli obblighi contrattuali, legali e fiscali derivanti.<\/p>\n\n\n\n<p><strong>3.2<\/strong>&nbsp;I Dati Personali sono trattati per le seguenti finalit\u00e0\u0300:<\/p>\n\n\n\n<ol start=\"1\" class=\"wp-block-list\">\n<li>Finalit\u00e0 legate alla navigazione e utilizzo dei servizi offerti dal Sito<\/li>\n<\/ol>\n\n\n\n<p>Tra i servizi offerti dal Sito si indicano, a titolo esemplificativo e riassuntivo, i seguenti:<\/p>\n\n\n\n<ul class=\"wp-block-list\">\n<li>dare esecuzione a specifiche richieste da parte Sua<\/li>\n\n\n\n<li>interazione con social network e piattaforme esterne<\/li>\n<\/ul>\n\n\n\n<p>La base giuridica del trattamento \u00e8 l\u2019esecuzione di misure precontrattuali e contrattuali su richiesta dell\u2019interessato ai sensi dell\u2019Art. 6 par. 1 lett. b) Reg. UE.<\/p>\n\n\n\n<p>Il conferimento dei Dati Personali \u00e8 necessario, pertanto, l\u2019eventuale omessa comunicazione dei Dati Personali richiesti determina l\u2019impossibilit\u00e0 di esecuzione contrattuale.<\/p>\n\n\n\n<ol start=\"1\" class=\"wp-block-list\">\n<li><em>finalit\u00e0\u0300 strettamente connesse e strumentali (quindi anche preliminari e conseguenti) all<\/em>\u2019<em>instaurazione, alla gestione, all<\/em>\u2019<em>esecuzione ed ai rinnovi dei rapporti contrattuali; nonch\u00e9 all<\/em>\u2019<em>adempimento degli obblighi precontrattuali, tra cui l<\/em>\u2019<em>invio informazioni o altro materiale richiesto dall<\/em>\u2019<em>Interessato.<\/em><\/li>\n<\/ol>\n\n\n\n<p>La base giuridica del trattamento \u00e8 l\u2019esecuzione di misure precontrattuali e contrattuali su richiesta dell\u2019interessato ai sensi dell\u2019Art. 6 par. 1 lett. b) Reg. UE.<\/p>\n\n\n\n<p>Il conferimento dei Dati Personali \u00e8 necessario, pertanto, l\u2019eventuale omessa comunicazione dei Dati Personali richiesti determina l\u2019impossibilit\u00e0 di esecuzione contrattuale.<\/p>\n\n\n\n<ol start=\"1\" class=\"wp-block-list\">\n<li><em>finalit\u00e0 di riscontro a richieste di informazioni presentate dal contraente e per dare esecuzione a specifiche richieste da parte dell<\/em>\u2019<em>Interessato.<\/em><\/li>\n<\/ol>\n\n\n\n<p>Le basi giuridiche del trattamento sono l\u2019esecuzione di misure precontrattuali e contrattuali su richiesta dell\u2019interessato ai sensi dell\u2019Art. 6 par. 1 lett. b) Reg. UE e l\u2019obbligo legale da normativa nazionale ed europea, ai sensi dell\u2019Art. 6 par. 1 lett. c) Reg. UE.<\/p>\n\n\n\n<p>Il conferimento dei Dati Personali \u00e8 necessario, pertanto, l\u2019eventuale omessa comunicazione dei Dati Personali richiesti determina l\u2019impossibilit\u00e0 di esecuzione contrattuale<\/p>\n\n\n\n<ol start=\"1\" class=\"wp-block-list\">\n<li><em>finalit\u00e0 relativa all<\/em>\u2019<em>esercizio ed alla difesa dei diritti della Societ\u00e0 in ogni sede e finalit\u00e0\u0300 derivanti da obblighi normativi, in ambito fiscale e contabile, giuslavoristico, previdenziale ed assistenziale, assicurativo, ivi inclusa la vigente normativa in materia di antiriciclaggio;<\/em><\/li>\n<\/ol>\n\n\n\n<p>La base giuridica del trattamento \u00e8 l\u2019obbligo legale da normativa nazionale ed europea, ai sensi dell\u2019Art. 6 par. 1 lett. c) Reg. UE.<\/p>\n\n\n\n<p>Il conferimento dei Dati Personali \u00e8 necessario, pertanto, l\u2019eventuale omessa comunicazione dei Dati Personali richiesti determina l\u2019impossibilit\u00e0 di esecuzione contrattuale.<\/p>\n\n\n\n<p><strong>4- Modalit\u00e0 trattamento<\/strong><\/p>\n\n\n\n<p>Nell\u2019ambito delle finalit\u00e0\u0300 indicate al precedente punto, il trattamento dei Dati dell\u2019interessato potr\u00e0\u0300 avvenire mediante strumenti manuali, elettronici e telematici, nel rispetto dei principi di liceit\u00e0\u0300, correttezza, trasparenza, esattezza, pertinenza e non eccedenza, adottando misure di sicurezza organizzative, tecniche ed informatiche adeguate.<\/p>\n\n\n\n<p><strong>5 \u2013 Destinatari dei Dati Personali<\/strong><\/p>\n\n\n\n<p>Per il perseguimento delle finalit\u00e0\u0300 sopra indicate, i Dati Personali dell\u2019interessato potranno essere comunicati alle\/conosciuti dalle seguenti categorie di destinatari:<\/p>\n\n\n\n<ul class=\"wp-block-list\">\n<li>il personale alle dipendenze del Titolare e collaboratori esterni di cui il Titolare potr\u00e0 avvalersi, quali persone autorizzate al trattamento<\/li>\n\n\n\n<li>fornitori di servizi informatici, nonch\u00e9 societ\u00e0 che offrono servizi per la fatturazione o servizi di archiviazione<\/li>\n\n\n\n<li>autorit\u00e0 di Pubblica Sicurezza e\/o amministrazione finanziaria, se necessario<\/li>\n\n\n\n<li>Societ\u00e0, enti o consorzi aventi finalit\u00e0 di tutela del credito, i quali potranno comunicare i dati nell\u2019ambito dei propri soci, aderenti, utenti e relativi aventi causa, nei limiti delle rispettive finalit\u00e0 istituzionali<\/li>\n\n\n\n<li>professionisti esterni (ivi inclusi a titolo esemplificativo: avvocati, consulenti del lavoro, centri elaborazione dati, etc.) che eroghino prestazioni funzionali al raggiungimento delle finalit\u00e0 indicate, i quali \u2013 se sussistono le condizioni di legge \u2013 assumeranno la veste di responsabili esterni del trattamento<\/li>\n<\/ul>\n\n\n\n<p>I soggetti terzi cui possono essere comunicati i Dati Personali agiscono quali:<\/p>\n\n\n\n<p>\u2013 Titolari Autonomi del trattamento, ossia soggetti che determinano in autonomia le finalit\u00e0 ed i mezzi del trattamento dei Dati Personali;<\/p>\n\n\n\n<p>\u2013 Responsabili del trattamento, ossia soggetti che trattano i Dati Personali per conto del Titolare.<\/p>\n\n\n\n<p><strong>6- Comunicazione dei Dati \u2013 Trasferimento dei Dati all<\/strong>\u2019<strong>estero<\/strong><\/p>\n\n\n\n<p><strong>6.1<\/strong>&nbsp;I Dati Personali possono essere comunicati per la gestione dei rapporti instaurati\/instaurandi e per l\u2019effettuazione di adempimenti, ad altri soggetti, quali ad esempio, quelli che svolgono attivit\u00e0\u0300 di tutela legale, di revisione, di ricerche di mercato e di informazione commerciale, ecc..<\/p>\n\n\n\n<p>I dati raccolti, nell\u2019eventualit\u00e0\u0300 e sempre per le finalit\u00e0\u0300 predette, possono essere trasferiti fuori dal territorio nazionale, anche extra UE, a soggetti che collaborano con i Titolari e i Responsabili, sempre nel rispetto della normativa privacy vigente.<\/p>\n\n\n\n<p><strong>6.2<\/strong>&nbsp;Ove necessario, i Suoi Dati Personali potranno essere trasferiti, da parte della Societ\u00e0\u0300, verso Paesi Terzi fuori dallo Spazio Economico Europeo. In tali casi il trasferimento avverr\u00e0\u0300 nel rispetto delle condizioni indicate dagli artt. 44 e ss. del Reg. UE, ovvero nei confronti di Paesi per i quali esistono decisioni di&nbsp;\u201cadeguatezza\u201d della Commissione Europea, sulla base di Clausole Standard approvate dalla Commissione Europea, oppure in applicazione di specifiche deroghe previste dal Reg. UE.<\/p>\n\n\n\n<p><strong>6.3&nbsp;<\/strong>Dati Personali sono conservati su server Hostinger nonch\u00e9 sul server amministrazione per la gestione della fatturazione https:\/\/fatturazioneelettronica.aruba.it\/#dtclienteinbox<\/p>\n\n\n\n<p><strong>6.4<\/strong>&nbsp;I Dati Personali raccolti non sono oggetto di diffusione.<\/p>\n\n\n\n<p><strong>7- Tempi di conservazione dei Dati Personali<\/strong><\/p>\n\n\n\n<p>I Dati Personali oggetto di trattamento sono conservati solo per il tempo strettamente necessario all\u2019espletamento delle attivit\u00e0\u0300\/finalit\u00e0\u0300 sopra descritte e comunque conservati per periodi di tempo diversi a seconda delle finalit\u00e0\u0300 per le quali sono trattati, in conformit\u00e0\u0300 della normativa tempo per tempo applicabile.<\/p>\n\n\n\n<p>I Dati Personali trattati per le finalit\u00e0\u0300 di cui al punto 3 sono conservati per 10 anni dalla cessazione di efficacia del contratto, o, in caso di contestazioni, per il termine prescrizionale previsto dalla normativa per la tutela dei diritti connessi, fatti salvi in ogni caso periodi di conservazione maggiori previsti da specifiche normative di settore.<\/p>\n\n\n\n<p><strong>8 \u2013 Misure di sicurezza<\/strong><\/p>\n\n\n\n<p><strong>8.1<\/strong>&nbsp;Il Titolare adotta misure di sicurezza idonee a ridurre al minimo i rischi di distruzione o di perdita, anche accidentale, dei Dati Personali, di accesso non autorizzato o di trattamento non consentito o non conforme alle finalit\u00e0 di raccolta indicate nella presente Privacy Policy.<\/p>\n\n\n\n<p><strong>8.2<\/strong>&nbsp;Con la presente informativa consigliamo di assicurarsi che il computer utilizzato sia dotato di dispositivi software adeguati alla protezione della trasmissione in rete di dati, sia in entrata sia in uscita (come sistemi antivirus aggiornati) e che il fornitore di servizi Internet prescelto abbia adottato misure idonee per la sicurezza della trasmissione di dati in rete (come ad esempio firewalls e filtri antispamming).<\/p>\n\n\n\n<p><strong>9 \u2013 Diritti dell<\/strong>\u2019<strong>Interessato<\/strong><\/p>\n\n\n\n<p>Tra i diritti a Lei riconosciuti dal Reg. UE rientrano quelli di:<\/p>\n\n\n\n<p>\u2022 chiedere l\u2019accesso ai Suoi Dati Personali ed alle informazioni relative agli stessi; la rettifica dei dati inesatti o l\u2019integrazione di quelli incompleti; la cancellazione dei Dati Personali che La riguardano (al verificarsi di una delle condizioni indicate nell\u2019art. 17, paragrafo 1 del Reg. UE e nel rispetto delle eccezioni previste nel paragrafo 3 dello stesso articolo); la limitazione del trattamento dei Suoi Dati Personali (al ricorrere di una delle ipotesi indicate nell\u2019art. 18, paragrafo 1 del Reg. UE);<\/p>\n\n\n\n<p>\u2022 richiedere ed ottenere \u2013 nelle ipotesi in cui la base giuridica del trattamento sia il contratto o il consenso, e lo stesso sia effettuato con mezzi automatizzati \u2013 i Suoi Dati Personali in un formato strutturato e leggibile da dispositivo automatico, anche al fine di comunicare tali dati ad un altro titolare del trattamento (c.d. diritto alla portabilit\u00e0 dei dati personali);<\/p>\n\n\n\n<p>\u2022 opporsi in qualsiasi momento al trattamento dei Suoi Dati Personali al ricorrere di situazioni particolari che La riguardano;<\/p>\n\n\n\n<p>\u2022 revocare il consenso in qualsiasi momento, limitatamente alle ipotesi in cui il trattamento sia basato sul Suo consenso per una o pi\u00f9 specifiche finalit\u00e0 e riguardi dati personali comuni (ad esempio data e luogo di nascita o luogo di residenza), oppure particolari categorie di dati (ad esempio dati che rivelano la Sua origine razziale, le Sue opinioni politiche, le Sue convinzioni religiose, lo stato di salute o la vita sessuale). Il trattamento basato sul consenso ed effettuato antecedentemente alla revoca dello stesso, conserva, comunque, la sua liceit\u00e0;<\/p>\n\n\n\n<p>\u2022 proporre reclamo ad un\u2019autorit\u00e0 di controllo (Autorit\u00e0 Garante per la protezione dei dati personali \u2013 www.garanteprivacy.it).<\/p>\n\n\n\n<p><strong>10 \u2013 Modalit\u00e0 di esercizio dei diritti<\/strong><\/p>\n\n\n\n<p>Nella Sua veste di interessato, Lei potr\u00e0 in qualsiasi momento esercitare i diritti comunicando a:<br>NORTECH Via P. Paoli, 4\/A \u2013 20143 Milano<br>telefono +39-3462721136<br>Email:&nbsp;<a href=\"mailto:nortechsas@gmail.com\">nortechsas@gmail.com<\/a><\/p>\n","protected":false},"excerpt":{"rendered":"<p>PRIVACY POLICY NORTECH s.a.s. di G. Martino &amp; C.\u00a0con sede in Via Pasquale Paoli, 4\/A \u2013 20143 Milano, P.IVA 07621870968 (\u201cTitolare\u201d\u00a0o\u00a0\u201cSociet\u00e0\u201d), in ottemperanza all\u2019art. 13 REG. UE, e in relazione ai Suoi dati personali (\u201cDati Personali\u201d) comunica quanto segue. La presente dichiarazione sul trattamento dei dati vale per tutti i servizi e prestazioni offerte ai&#8230;<\/p>\n","protected":false},"author":1,"featured_media":0,"parent":0,"menu_order":0,"comment_status":"closed","ping_status":"closed","template":"","meta":{"footnotes":""},"class_list":["post-244","page","type-page","status-publish","hentry"],"_links":{"self":[{"href":"https:\/\/nortechmoto.it\/index.php?rest_route=\/wp\/v2\/pages\/244"}],"collection":[{"href":"https:\/\/nortechmoto.it\/index.php?rest_route=\/wp\/v2\/pages"}],"about":[{"href":"https:\/\/nortechmoto.it\/index.php?rest_route=\/wp\/v2\/types\/page"}],"author":[{"embeddable":true,"href":"https:\/\/nortechmoto.it\/index.php?rest_route=\/wp\/v2\/users\/1"}],"replies":[{"embeddable":true,"href":"https:\/\/nortechmoto.it\/index.php?rest_route=%2Fwp%2Fv2%2Fcomments&post=244"}],"version-history":[{"count":3,"href":"https:\/\/nortechmoto.it\/index.php?rest_route=\/wp\/v2\/pages\/244\/revisions"}],"predecessor-version":[{"id":272,"href":"https:\/\/nortechmoto.it\/index.php?rest_route=\/wp\/v2\/pages\/244\/revisions\/272"}],"wp:attachment":[{"href":"https:\/\/nortechmoto.it\/index.php?rest_route=%2Fwp%2Fv2%2Fmedia&parent=244"}],"curies":[{"name":"wp","href":"https:\/\/api.w.org\/{rel}","templated":true}]}}